{"id":2042,"date":"2018-03-25T19:11:41","date_gmt":"2018-03-25T19:11:41","guid":{"rendered":"http:\/\/wordpress.ricardobarojaeskola.eu\/?page_id=2042"},"modified":"2018-04-24T10:52:27","modified_gmt":"2018-04-24T08:52:27","slug":"proyecto-educativo","status":"publish","type":"page","link":"https:\/\/ricardobarojaeskola.educacion.navarra.es\/web\/es\/proyecto-educativo\/","title":{"rendered":"PROYECTO EDUCATIVO"},"content":{"rendered":"    <div data-options='{&quot;id&quot;:&quot;2628&quot;,&quot;lazy_load&quot;:&quot;no&quot;,&quot;masonry_enable&quot;:&quot;no&quot;,&quot;view_type&quot;:&quot;grid&quot;}' id=\"post-grid-2628\" class=\"post-grid grid\">\n    \n\n\n    <div class=\"grid-items\">\n      <div class=\"item item-7275 skin flat even 0 \">\n        <div class=\"layer-wrapper layout-9575\">\n          <div class=\"layer-media \"\r\n        id=\"\">\r\n        <div\r\n        class=\"element element_1  element-media \">\r\n        <img width=\"640\" height=\"635\" src=\"https:\/\/ricardobarojaeskola.educacion.navarra.es\/web\/wp-content\/uploads\/2018\/05\/circle-1300241_1280-1024x1016.png\" class=\"attachment-large size-large wp-post-image\" alt=\"\" loading=\"lazy\" \/>    <\/div>\r\n    <\/div>\r\n    <div class=\"layer-content element_3\"\r\n        id=\"\">\r\n        <div class=\"element element_4  title \">\r\n                    <a target=\"\"\r\n                href=\"https:\/\/ricardobarojaeskola.educacion.navarra.es\/web\/es\/blog\/2018\/03\/25\/convivencia\/\">PSICOLOG\u00cdA POSITIVA<\/a>\r\n            <\/div>\r\n    <div\r\n        class=\"element element_5  excerpt_read_more \">\r\n        Bienvenidos\/as al blog abierto por la escuela Ricardo Baroja en torno a la Psicolog\u00eda Positiva. Aqu\u00ed encontrar\u00e9is art\u00edculos y noticias        <a target=\"_blank\"\r\n            href=\"https:\/\/ricardobarojaeskola.educacion.navarra.es\/web\/es\/blog\/2018\/03\/25\/convivencia\/\"><\/a>\r\n    <\/div>\r\n    <\/div>\r\n    <\/div>\n  <\/div><div class=\"item item-2025 skin flat odd 1 \">\n        <div class=\"layer-wrapper layout-9575\">\n          <div class=\"layer-media \"\r\n        id=\"\">\r\n        <div\r\n        class=\"element element_1  element-media \">\r\n        <img width=\"600\" height=\"150\" src=\"https:\/\/ricardobarojaeskola.educacion.navarra.es\/web\/wp-content\/uploads\/2018\/03\/euskarareneguna11.jpg\" class=\"attachment-large size-large wp-post-image\" alt=\"\" loading=\"lazy\" \/>    <\/div>\r\n    <\/div>\r\n    <div class=\"layer-content element_3\"\r\n        id=\"\">\r\n        <div class=\"element element_4  title \">\r\n                    <a target=\"\"\r\n                href=\"https:\/\/ricardobarojaeskola.educacion.navarra.es\/web\/es\/blog\/2018\/03\/25\/euskara-y-cultura-vasca\/\">EUSKARA Y CULTURA VASCA<\/a>\r\n            <\/div>\r\n    <div\r\n        class=\"element element_5  excerpt_read_more \">\r\n        El euskara es la lengua que se ense\u00f1a y utilizan todos los estamentos en nuestro centro y en todas las        <a target=\"_blank\"\r\n            href=\"https:\/\/ricardobarojaeskola.educacion.navarra.es\/web\/es\/blog\/2018\/03\/25\/euskara-y-cultura-vasca\/\"><\/a>\r\n    <\/div>\r\n    <\/div>\r\n    <\/div>\n  <\/div><div class=\"item item-2030 skin flat even 2 \">\n        <div class=\"layer-wrapper layout-9575\">\n          <div class=\"layer-media \"\r\n        id=\"\">\r\n        <div\r\n        class=\"element element_1  element-media \">\r\n        <img width=\"600\" height=\"150\" src=\"https:\/\/ricardobarojaeskola.educacion.navarra.es\/web\/wp-content\/uploads\/2018\/03\/plurilinguismo2.jpg\" class=\"attachment-large size-large wp-post-image\" alt=\"\" loading=\"lazy\" \/>    <\/div>\r\n    <\/div>\r\n    <div class=\"layer-content element_3\"\r\n        id=\"\">\r\n        <div class=\"element element_4  title \">\r\n                    <a target=\"\"\r\n                href=\"https:\/\/ricardobarojaeskola.educacion.navarra.es\/web\/es\/blog\/2018\/03\/25\/plurilinguismo\/\">PLURILING\u00dcISMO<\/a>\r\n            <\/div>\r\n    <div\r\n        class=\"element element_5  excerpt_read_more \">\r\n        Aunque el euskara es la lengua, el instrumento b\u00e1sico de comunicaci\u00f3n que se habla y se ense\u00f1a, tambi\u00e9n se tiene        <a target=\"_blank\"\r\n            href=\"https:\/\/ricardobarojaeskola.educacion.navarra.es\/web\/es\/blog\/2018\/03\/25\/plurilinguismo\/\"><\/a>\r\n    <\/div>\r\n    <\/div>\r\n    <\/div>\n  <\/div><div class=\"item item-2050 skin flat odd 3 \">\n        <div class=\"layer-wrapper layout-9575\">\n          <div class=\"layer-media \"\r\n        id=\"\">\r\n        <div\r\n        class=\"element element_1  element-media \">\r\n        <img width=\"600\" height=\"150\" src=\"https:\/\/ricardobarojaeskola.educacion.navarra.es\/web\/wp-content\/uploads\/2018\/03\/emozio-hezkuntza1.jpg\" class=\"attachment-large size-large wp-post-image\" alt=\"\" loading=\"lazy\" \/>    <\/div>\r\n    <\/div>\r\n    <div class=\"layer-content element_3\"\r\n        id=\"\">\r\n        <div class=\"element element_4  title \">\r\n                    <a target=\"\"\r\n                href=\"https:\/\/ricardobarojaeskola.educacion.navarra.es\/web\/es\/blog\/2018\/03\/25\/educacion-emocional\/\">EDUCACI\u00d3N EMOCIONAL<\/a>\r\n            <\/div>\r\n    <div\r\n        class=\"element element_5  excerpt_read_more \">\r\n        El desarrollo emocional es una parte muy importante de la educaci\u00f3n y por eso, en la escuela, lo tenemos muy        <a target=\"_blank\"\r\n            href=\"https:\/\/ricardobarojaeskola.educacion.navarra.es\/web\/es\/blog\/2018\/03\/25\/educacion-emocional\/\"><\/a>\r\n    <\/div>\r\n    <\/div>\r\n    <\/div>\n  <\/div><div class=\"item item-2057 skin flat even 4 \">\n        <div class=\"layer-wrapper layout-9575\">\n          <div class=\"layer-media \"\r\n        id=\"\">\r\n        <div\r\n        class=\"element element_1  element-media \">\r\n        <img width=\"600\" height=\"150\" src=\"https:\/\/ricardobarojaeskola.educacion.navarra.es\/web\/wp-content\/uploads\/2018\/03\/bizikidetza1.jpg\" class=\"attachment-large size-large wp-post-image\" alt=\"\" loading=\"lazy\" \/>    <\/div>\r\n    <\/div>\r\n    <div class=\"layer-content element_3\"\r\n        id=\"\">\r\n        <div class=\"element element_4  title \">\r\n                    <a target=\"\"\r\n                href=\"https:\/\/ricardobarojaeskola.educacion.navarra.es\/web\/es\/blog\/2018\/03\/25\/diversidad\/\">DIVERSIDAD<\/a>\r\n            <\/div>\r\n    <div\r\n        class=\"element element_5  excerpt_read_more \">\r\n        Educaci\u00f3n Especial El ritmo de aprendizaje del alumnado es\u00a0diferente, debido a las caracter\u00edsticas de cada uno\/a de ellos\/as. Debido a        <a target=\"_blank\"\r\n            href=\"https:\/\/ricardobarojaeskola.educacion.navarra.es\/web\/es\/blog\/2018\/03\/25\/diversidad\/\"><\/a>\r\n    <\/div>\r\n    <\/div>\r\n    <\/div>\n  <\/div><div class=\"item item-2062 skin flat odd 5 \">\n        <div class=\"layer-wrapper layout-9575\">\n          <div class=\"layer-media \"\r\n        id=\"\">\r\n        <div\r\n        class=\"element element_1  element-media \">\r\n        <img width=\"600\" height=\"150\" src=\"https:\/\/ricardobarojaeskola.educacion.navarra.es\/web\/wp-content\/uploads\/2018\/03\/klariona11.jpg\" class=\"attachment-large size-large wp-post-image\" alt=\"\" loading=\"lazy\" \/>    <\/div>\r\n    <\/div>\r\n    <div class=\"layer-content element_3\"\r\n        id=\"\">\r\n        <div class=\"element element_4  title \">\r\n                    <a target=\"\"\r\n                href=\"https:\/\/ricardobarojaeskola.educacion.navarra.es\/web\/es\/blog\/2018\/03\/25\/interculturalidad\/\">INTERCULTURALIDAD<\/a>\r\n            <\/div>\r\n    <div\r\n        class=\"element element_5  excerpt_read_more \">\r\n        Interculturalidad: Tratamos de ense\u00f1ar a nuestro alumnado que debemos respetar todas las culturas que conviven en nuestra sociedad, haci\u00e9ndoles reflexionar\u00a0        <a target=\"_blank\"\r\n            href=\"https:\/\/ricardobarojaeskola.educacion.navarra.es\/web\/es\/blog\/2018\/03\/25\/interculturalidad\/\"><\/a>\r\n    <\/div>\r\n    <\/div>\r\n    <\/div>\n  <\/div><div class=\"item item-2067 skin flat even 6 \">\n        <div class=\"layer-wrapper layout-9575\">\n          <div class=\"layer-media \"\r\n        id=\"\">\r\n        <div\r\n        class=\"element element_1  element-media \">\r\n        <img width=\"640\" height=\"419\" src=\"https:\/\/ricardobarojaeskola.educacion.navarra.es\/web\/wp-content\/uploads\/2018\/03\/teknoligiak-1-1024x670.jpg\" class=\"attachment-large size-large wp-post-image\" alt=\"\" loading=\"lazy\" \/>    <\/div>\r\n    <\/div>\r\n    <div class=\"layer-content element_3\"\r\n        id=\"\">\r\n        <div class=\"element element_4  title \">\r\n                    <a target=\"\"\r\n                href=\"https:\/\/ricardobarojaeskola.educacion.navarra.es\/web\/es\/blog\/2018\/03\/25\/nuevas-tecnologias\/\">NUEVAS TECNOLOGIAS<\/a>\r\n            <\/div>\r\n    <div\r\n        class=\"element element_5  excerpt_read_more \">\r\n        La escuela p\u00fablica \u00a0Ricardo Baroja asume las necesidades que la sociedad de hoy en d\u00eda impone; por ello el impulsar        <a target=\"_blank\"\r\n            href=\"https:\/\/ricardobarojaeskola.educacion.navarra.es\/web\/es\/blog\/2018\/03\/25\/nuevas-tecnologias\/\"><\/a>\r\n    <\/div>\r\n    <\/div>\r\n    <\/div>\n  <\/div><div class=\"item item-2072 skin flat odd 7 \">\n        <div class=\"layer-wrapper layout-9575\">\n          <div class=\"layer-media \"\r\n        id=\"\">\r\n        <div\r\n        class=\"element element_1  element-media \">\r\n        <img width=\"640\" height=\"554\" src=\"https:\/\/ricardobarojaeskola.educacion.navarra.es\/web\/wp-content\/uploads\/2018\/03\/kids-on-books2.jpg\" class=\"attachment-large size-large wp-post-image\" alt=\"\" loading=\"lazy\" \/>    <\/div>\r\n    <\/div>\r\n    <div class=\"layer-content element_3\"\r\n        id=\"\">\r\n        <div class=\"element element_4  title \">\r\n                    <a target=\"\"\r\n                href=\"https:\/\/ricardobarojaeskola.educacion.navarra.es\/web\/es\/blog\/2018\/03\/25\/aficion-a-la-lectura\/\">AFICI\u00d3N A LA LECTURA<\/a>\r\n            <\/div>\r\n    <div\r\n        class=\"element element_5  excerpt_read_more \">\r\n        Biblioteca. &nbsp;Por una parte, en nuestro centro existe un Plan de Lectura en cada ciclo y se le dedica una        <a target=\"_blank\"\r\n            href=\"https:\/\/ricardobarojaeskola.educacion.navarra.es\/web\/es\/blog\/2018\/03\/25\/aficion-a-la-lectura\/\"><\/a>\r\n    <\/div>\r\n    <\/div>\r\n    <\/div>\n  <\/div><div class=\"item item-2077 skin flat even 8 \">\n        <div class=\"layer-wrapper layout-9575\">\n          <div class=\"layer-media \"\r\n        id=\"\">\r\n        <div\r\n        class=\"element element_1  element-media \">\r\n        <img width=\"400\" height=\"300\" src=\"https:\/\/ricardobarojaeskola.educacion.navarra.es\/web\/wp-content\/uploads\/2018\/03\/Avaluacio.jpg\" class=\"attachment-large size-large wp-post-image\" alt=\"\" loading=\"lazy\" \/>    <\/div>\r\n    <\/div>\r\n    <div class=\"layer-content element_3\"\r\n        id=\"\">\r\n        <div class=\"element element_4  title \">\r\n                    <a target=\"\"\r\n                href=\"https:\/\/ricardobarojaeskola.educacion.navarra.es\/web\/es\/blog\/2018\/03\/25\/plan-de-mejora-y-evaluacion\/\">PLAN DE MEJORA Y EVALUACI\u00d3N<\/a>\r\n            <\/div>\r\n    <div\r\n        class=\"element element_5  excerpt_read_more \">\r\n        La evaluaci\u00f3n continua es uno de nuestros objetivos. Para ello, al principio de curso se elabora un plan de mejora        <a target=\"_blank\"\r\n            href=\"https:\/\/ricardobarojaeskola.educacion.navarra.es\/web\/es\/blog\/2018\/03\/25\/plan-de-mejora-y-evaluacion\/\"><\/a>\r\n    <\/div>\r\n    <\/div>\r\n    <\/div>\n  <\/div><div class=\"item item-2116 skin flat odd 9 \">\n        <div class=\"layer-wrapper layout-9575\">\n          <div class=\"layer-media \"\r\n        id=\"\">\r\n        <div\r\n        class=\"element element_1  element-media \">\r\n        <img width=\"640\" height=\"254\" src=\"https:\/\/ricardobarojaeskola.educacion.navarra.es\/web\/wp-content\/uploads\/2018\/03\/cartadeservicios-1038x413-1024x407.png\" class=\"attachment-large size-large wp-post-image\" alt=\"\" loading=\"lazy\" \/>    <\/div>\r\n    <\/div>\r\n    <div class=\"layer-content element_3\"\r\n        id=\"\">\r\n        <div class=\"element element_4  title \">\r\n                    <a target=\"\"\r\n                href=\"https:\/\/ricardobarojaeskola.educacion.navarra.es\/web\/es\/blog\/2018\/03\/26\/carta-de-servicios\/\">CARTA DE SERVICIOS<\/a>\r\n            <\/div>\r\n    <div\r\n        class=\"element element_5  excerpt_read_more \">\r\n        CARTA DE SERVICIOS        <a target=\"_blank\"\r\n            href=\"https:\/\/ricardobarojaeskola.educacion.navarra.es\/web\/es\/blog\/2018\/03\/26\/carta-de-servicios\/\"><\/a>\r\n    <\/div>\r\n    <\/div>\r\n    <\/div>\n  <\/div><div class=\"item item-2125 skin flat even 10 \">\n        <div class=\"layer-wrapper layout-9575\">\n          <div class=\"layer-media \"\r\n        id=\"\">\r\n        <div\r\n        class=\"element element_1  element-media \">\r\n        <img width=\"640\" height=\"349\" src=\"https:\/\/ricardobarojaeskola.educacion.navarra.es\/web\/wp-content\/uploads\/2018\/03\/zehaztapenak-1-1038x567-1024x559.png\" class=\"attachment-large size-large wp-post-image\" alt=\"\" loading=\"lazy\" \/>    <\/div>\r\n    <\/div>\r\n    <div class=\"layer-content element_3\"\r\n        id=\"\">\r\n        <div class=\"element element_4  title \">\r\n                    <a target=\"\"\r\n                href=\"https:\/\/ricardobarojaeskola.educacion.navarra.es\/web\/es\/blog\/2018\/03\/26\/especificaciones\/\">ESPECIFICACIONES<\/a>\r\n            <\/div>\r\n    <div\r\n        class=\"element element_5  excerpt_read_more \">\r\n        ESPECIFICACIONES ( DRIVE )        <a target=\"_blank\"\r\n            href=\"https:\/\/ricardobarojaeskola.educacion.navarra.es\/web\/es\/blog\/2018\/03\/26\/especificaciones\/\"><\/a>\r\n    <\/div>\r\n    <\/div>\r\n    <\/div>\n  <\/div><div class=\"item item-2134 skin flat odd 11 \">\n        <div class=\"layer-wrapper layout-9575\">\n          <div class=\"layer-media \"\r\n        id=\"\">\r\n        <div\r\n        class=\"element element_1  element-media \">\r\n        <img width=\"296\" height=\"122\" src=\"https:\/\/ricardobarojaeskola.educacion.navarra.es\/web\/wp-content\/uploads\/2018\/03\/Carta_de_convivencia_01-300x200.jpg\" class=\"attachment-large size-large wp-post-image\" alt=\"\" loading=\"lazy\" \/>    <\/div>\r\n    <\/div>\r\n    <div class=\"layer-content element_3\"\r\n        id=\"\">\r\n        <div class=\"element element_4  title \">\r\n                    <a target=\"\"\r\n                href=\"https:\/\/ricardobarojaeskola.educacion.navarra.es\/web\/es\/blog\/2018\/03\/26\/mision-vision-y-valores\/\">MISI\u00d3N - VISI\u00d3N Y VALORES<\/a>\r\n            <\/div>\r\n    <div\r\n        class=\"element element_5  excerpt_read_more \">\r\n        &nbsp; MISI\u00d3N: \u00a0 En la medida en que nos es posible, aquello que nos proponemos impulsar en nuestro alumnado. Junto        <a target=\"_blank\"\r\n            href=\"https:\/\/ricardobarojaeskola.educacion.navarra.es\/web\/es\/blog\/2018\/03\/26\/mision-vision-y-valores\/\"><\/a>\r\n    <\/div>\r\n    <\/div>\r\n    <\/div>\n  <\/div><div class=\"item item-7931 skin flat even 12 \">\n        <div class=\"layer-wrapper layout-9575\">\n          <div class=\"layer-media \"\r\n        id=\"\">\r\n        <div\r\n        class=\"element element_1  element-media \">\r\n        <img width=\"640\" height=\"504\" src=\"https:\/\/ricardobarojaeskola.educacion.navarra.es\/web\/wp-content\/uploads\/2018\/11\/hezkuntza-eskeintza-1024x807.jpg\" class=\"attachment-large size-large wp-post-image\" alt=\"\" loading=\"lazy\" \/>    <\/div>\r\n    <\/div>\r\n    <div class=\"layer-content element_3\"\r\n        id=\"\">\r\n        <div class=\"element element_4  title \">\r\n                    <a target=\"\"\r\n                href=\"https:\/\/ricardobarojaeskola.educacion.navarra.es\/web\/es\/blog\/2018\/11\/27\/oferta-educativa\/\">OFERTA EDUCATIVA<\/a>\r\n            <\/div>\r\n    <div\r\n        class=\"element element_5  excerpt_read_more \">\r\n        Escuela p\u00fablica y euskaldun, modelo D. Educaci\u00f3n gratuita y de calidad para ni\u00f1os\/as de 3 a 12 a\u00f1os. Educaci\u00f3n Integral        <a target=\"_blank\"\r\n            href=\"https:\/\/ricardobarojaeskola.educacion.navarra.es\/web\/es\/blog\/2018\/11\/27\/oferta-educativa\/\"><\/a>\r\n    <\/div>\r\n    <\/div>\r\n    <\/div>\n  <\/div>    <\/div>\n          <style type=\"text\/css\">\r\n            .layout-9575 .element_0 {\r\n                            }\r\n\r\n                    <\/style>\r\n        <style type=\"text\/css\">\r\n        .layout-9575 .element_1 {\r\n            overflow: hidden;\r\n                    }\r\n\r\n        .layout-9575 .element_1 img {\r\n            max-width: 100%;\r\n            height: auto;\r\n        }\r\n\r\n        @media only screen and (min-width: 1024px) {\r\n            .layout-9575 .element_1 {\r\n                height: auto;\r\n                            }\r\n        }\r\n\r\n        @media only screen and (min-width: 768px) and (max-width: 1023px) {\r\n            .layout-9575 .element_1 {\r\n                height: auto;\r\n                            }\r\n        }\r\n\r\n        @media only screen and (min-width: 0px) and (max-width: 767px) {\r\n            .layout-9575 .element_1 {\r\n                height: auto;\r\n                            }\r\n        }\r\n    <\/style>\r\n        <style type=\"text\/css\">\r\n            .layout-9575 .element_3 {\r\n                            }\r\n\r\n                    <\/style>\r\n        <style type=\"text\/css\">\r\n        .layout-9575 .element_4 {\r\n            display: block;font-size: 21px;line-height: normal;padding: 5px 10px;text-align: left;        }\r\n\r\n        .layout-9575 .element_4 a {\r\n            display: block;font-size: 21px;line-height: normal;padding: 5px 10px;text-align: left;        }\r\n    <\/style>\r\n    <style type=\"text\/css\">\r\n        .layout-9575 .element_5 {\r\n            font-size:12px;display:block;padding:10px;        }\r\n\r\n        .layout-9575 .element_5 a {\r\n                    }\r\n    <\/style>\r\n      <style type=\"text\/css\">\n      \/*Write your CSS code here*\/    <\/style>\n        <style type=\"text\/css\">\n      .layout-9575 a{text-decoration:none}\r\n.layout-9575 {\r\n  vertical-align: top;\r\n}\r\n.layout-9575 .layer-media{}\r\n.layout-9575 .layer-content {\r\n}    <\/style>\n    <script>\n          \/*Write your js code here*\/          <\/script>\n    <style type=\"text\/css\">\n    #post-grid-2628 {\n      padding: 10px;\n      background-color: #fff;\n          }\n\n    #post-grid-2628 .item {\n      background: #fff;\n          }\n\n    #post-grid-2628 .item .layer-media {\n      height:auto;    }\n\n    @media only screen and (min-width: 0px) and (max-width: 767px) {\n      #post-grid-2628 .grid-items {\n        text-align: center;\n              }\n\n      #post-grid-2628 .item {\n        width: 90%;\n        margin: 10px;\n        display: inline-block;\n        vertical-align: top;\n        height:auto;      }\n    }\n\n    @media only screen and (min-width: 768px) and (max-width: 1023px) {\n      #post-grid-2628 .grid-items {\n        text-align: center;\n              }\n\n      #post-grid-2628 .item {\n        width: 280px;\n        margin: 10px;\n        display: inline-block;\n        vertical-align: top;\n        max-height:auto;      }\n    }\n\n    @media only screen and (min-width: 1024px) {\n      #post-grid-2628 .grid-items {\n        text-align: center;\n              }\n\n      #post-grid-2628 .item {\n        width: 280px;\n        display: inline-block;\n        margin: 10px;\n        vertical-align: top;\n        height:auto;      }\n    }\n\n      <\/style>\n  <\/div>\n\n","protected":false},"excerpt":{"rendered":"","protected":false},"author":3,"featured_media":0,"parent":0,"menu_order":0,"comment_status":"closed","ping_status":"closed","template":"","meta":[],"_links":{"self":[{"href":"https:\/\/ricardobarojaeskola.educacion.navarra.es\/web\/es\/wp-json\/wp\/v2\/pages\/2042"}],"collection":[{"href":"https:\/\/ricardobarojaeskola.educacion.navarra.es\/web\/es\/wp-json\/wp\/v2\/pages"}],"about":[{"href":"https:\/\/ricardobarojaeskola.educacion.navarra.es\/web\/es\/wp-json\/wp\/v2\/types\/page"}],"author":[{"embeddable":true,"href":"https:\/\/ricardobarojaeskola.educacion.navarra.es\/web\/es\/wp-json\/wp\/v2\/users\/3"}],"replies":[{"embeddable":true,"href":"https:\/\/ricardobarojaeskola.educacion.navarra.es\/web\/es\/wp-json\/wp\/v2\/comments?post=2042"}],"version-history":[{"count":1,"href":"https:\/\/ricardobarojaeskola.educacion.navarra.es\/web\/es\/wp-json\/wp\/v2\/pages\/2042\/revisions"}],"predecessor-version":[{"id":2630,"href":"https:\/\/ricardobarojaeskola.educacion.navarra.es\/web\/es\/wp-json\/wp\/v2\/pages\/2042\/revisions\/2630"}],"wp:attachment":[{"href":"https:\/\/ricardobarojaeskola.educacion.navarra.es\/web\/es\/wp-json\/wp\/v2\/media?parent=2042"}],"curies":[{"name":"wp","href":"https:\/\/api.w.org\/{rel}","templated":true}]}}